{"id":31,"date":"2019-08-09T09:55:02","date_gmt":"2019-08-09T13:55:02","guid":{"rendered":"https:\/\/hospitaltaiwan.gob.do\/transparencia\/?page_id=31"},"modified":"2022-03-09T10:36:08","modified_gmt":"2022-03-09T14:36:08","slug":"responsable-de-acceso-a-la-informacion","status":"publish","type":"page","link":"https:\/\/hospitaljuanpablopina.gob.do\/transparencia\/oai\/responsable-de-acceso-a-la-informacion\/","title":{"rendered":"Responsable de Acceso a la Informaci\u00f3n"},"content":{"rendered":"\n<div class=\"info-contacto-hospital\">\n<h2>Licda. Lenlly D. Diaz de la Rosa<\/h2>\n<h6>Responsable de Acceso a la Informaci\u00f3n<\/h6>\n<ul class=\"mapadesitio\">\n<li><i class=\"fa fa-map-marker\"><\/i>&nbsp; Calle Santom\u00e9 # 42, Centro Ciudad, San Crist\u00f3bal, Rep\u00fablica Dominicana.<\/li>\n<li><i class=\"fa fa-phone\"><\/i>&nbsp; <a href=\"tel:+18092791410\">809-279-1410 Ext. 1224 <\/a><\/li>\n<li><i class=\"fa fa-envelope\"><\/i>&nbsp; <a href=\"mailto:juanpablopina.oai@gmail.com\">juanpablopina.oai@gmail.com<\/a><\/li>\n<li><i class=\"fa fa-clock-o\"><\/i>&nbsp; Lunes a Viernes de 8:00am a 4:00pm<\/li>\n<\/ul>\n<\/div>\n","protected":false},"excerpt":{"rendered":"<p>Licda. Lenlly D. Diaz de la Rosa Responsable de Acceso a la Informaci\u00f3n &nbsp; Calle Santom\u00e9 # 42, Centro Ciudad, San Crist\u00f3bal, Rep\u00fablica Dominicana. &nbsp; 809-279-1410 Ext. 1224 &nbsp; juanpablopina.oai@gmail.com &nbsp; Lunes a Viernes de 8:00am a 4:00pm<\/p>\n","protected":false},"author":6,"featured_media":0,"parent":21,"menu_order":0,"comment_status":"closed","ping_status":"closed","template":"","meta":[],"_links":{"self":[{"href":"https:\/\/hospitaljuanpablopina.gob.do\/transparencia\/wp-json\/wp\/v2\/pages\/31"}],"collection":[{"href":"https:\/\/hospitaljuanpablopina.gob.do\/transparencia\/wp-json\/wp\/v2\/pages"}],"about":[{"href":"https:\/\/hospitaljuanpablopina.gob.do\/transparencia\/wp-json\/wp\/v2\/types\/page"}],"author":[{"embeddable":true,"href":"https:\/\/hospitaljuanpablopina.gob.do\/transparencia\/wp-json\/wp\/v2\/users\/6"}],"replies":[{"embeddable":true,"href":"https:\/\/hospitaljuanpablopina.gob.do\/transparencia\/wp-json\/wp\/v2\/comments?post=31"}],"version-history":[{"count":1,"href":"https:\/\/hospitaljuanpablopina.gob.do\/transparencia\/wp-json\/wp\/v2\/pages\/31\/revisions"}],"predecessor-version":[{"id":3231,"href":"https:\/\/hospitaljuanpablopina.gob.do\/transparencia\/wp-json\/wp\/v2\/pages\/31\/revisions\/3231"}],"up":[{"embeddable":true,"href":"https:\/\/hospitaljuanpablopina.gob.do\/transparencia\/wp-json\/wp\/v2\/pages\/21"}],"wp:attachment":[{"href":"https:\/\/hospitaljuanpablopina.gob.do\/transparencia\/wp-json\/wp\/v2\/media?parent=31"}],"curies":[{"name":"wp","href":"https:\/\/api.w.org\/{rel}","templated":true}]}}