{"id":47,"date":"2022-03-02T10:17:06","date_gmt":"2022-03-02T14:17:06","guid":{"rendered":"https:\/\/hospitaltaiwan.gob.do\/transparencia\/?page_id=47"},"modified":"2022-03-09T10:40:48","modified_gmt":"2022-03-09T14:40:48","slug":"declaraciones-juradas-de-patrimonio","status":"publish","type":"page","link":"https:\/\/hospitaljuanpablopina.gob.do\/transparencia\/declaraciones-juradas-de-patrimonio\/","title":{"rendered":"Declaraciones Juradas de Patrimonio"},"content":{"rendered":"\n<div class=\"texto-leyenda\">\n<p>\nLos datos personales han sido protegidos de conformidad con el art. 18 de la&nbsp;<a href=\"https:\/\/docs.google.com\/viewer?url=https:\/\/sns.gob.do\/transparencia\/descargas\/14\/leyes\/1567\/ley-200-04-general-de-libre-acceso-a-la-informacion-publica.pdf\" target=\"_blank\" rel=\"noreferrer noopener\"><strong>Ley 200-04<\/strong><\/a>&nbsp;de Libre Acceso a la Informaci\u00f3n P\u00fablica, de fecha 28 de julio de 2004 y el art. 28 de su reglamento de aplicaci\u00f3n aprobado mediante el&nbsp;<a href=\"https:\/\/docs.google.com\/viewer?url=https:\/\/sns.gob.do\/transparencia\/descargas\/15\/decretos\/2199\/aa-decreto-130-05-que-aprueba-el-reglamento-de-aplicacion-de-la-ley-200-04.pdf\" target=\"_blank\" rel=\"noreferrer noopener\"><strong>Decreto No. 130-05<\/strong><\/a>&nbsp; de fecha 25 de febrero de 2005.\n<\/p>\n<\/div>\n\n\n\n<div style=\"height:60px\" aria-hidden=\"true\" class=\"wp-block-spacer\"><\/div>\n\n\n\n<table class=\"wp-block-table aligncenter has-subtle-pale-blue-background-color has-background is-style-stripes\"><tbody><tr><td> <strong>NOMBRE DE FUNCIONARIO<\/strong> <\/td><td> <strong>DECRETO \/ DESIGNACI\u00d3N<\/strong> <\/td><td> <strong>DECLARACI\u00d3N JURADA PATRIMONIO<\/strong> <\/td><\/tr><tr><td><a href=\"https:\/\/hospitalsenoraderegla.gob.do\/sobre-nosotros\/nuestro-director\/\" target=\"_blank\" rel=\"noreferrer noopener\" aria-label=\"Nombre del Director\/a (abre en una nueva pesta\u00f1a)\">Nombre del Director\/a<\/a>, Cargo<\/td><td><a href=\"#\">Decreto No. <\/a><\/td><td><a href=\"#\"><img class=\"wp-image-3191\" style=\"width: 30px\" src=\"https:\/\/hospitalsenoraderegla.gob.do\/transparencia\/wp-content\/uploads\/sites\/2\/2022\/03\/pdf.png\" alt=\"\"><\/a><\/td><\/tr><tr><td> Nombre del Director\/a Administrativo, Cargo <\/td><td>N\/A<\/td><td><a href=\"#\"><img class=\"wp-image-3191\" style=\"width: 30px\" src=\"https:\/\/hospitalsenoraderegla.gob.do\/transparencia\/wp-content\/uploads\/sites\/2\/2022\/03\/pdf.png\" alt=\"\"><\/a><\/td><\/tr><tr><td> Nombre del Encargado\/a de Compras, Cargo <\/td><td> N\/A <\/td><td><a href=\"#\"><img class=\"wp-image-3191\" style=\"width: 30px\" src=\"https:\/\/hospitalsenoraderegla.gob.do\/transparencia\/wp-content\/uploads\/sites\/2\/2022\/03\/pdf.png\" alt=\"\"><\/a><\/td><\/tr><tr><td><\/td><td><\/td><td><\/td><\/tr><\/tbody><\/table>\n\n\n\n<div style=\"height:60px\" aria-hidden=\"true\" class=\"wp-block-spacer\"><\/div>\n\n\n\n<div class=\"wpfd-content wpfd-content-default wpfd-content-multi\" data-category=\"9\"             style=\"background-color: transparent\"><input type=\"hidden\" id=\"current_category_9\" value=\"9\" \/>                    <input type=\"hidden\" id=\"current_category_slug_9\" value=\"declaraciones-juradas-de-patrimonios\" \/>                    <input type=\"hidden\" id=\"current_ordering_9\" value=\"ordering\" \/>                    <input type=\"hidden\" id=\"current_ordering_direction_9\" value=\"asc\" \/>                    <input type=\"hidden\" id=\"page_limit_9\" value=\"10\" \/><input type=\"hidden\" id=\"wpfd_display_empty_category_message\" value=\"0\" \/><input type=\"hidden\" id=\"wpfd_empty_category_message_val\" value=\"This file category has no files to display\" \/><input type=\"hidden\" id=\"wpfd_display_empty_folder\" value=\"1\" \/><input type=\"hidden\" id=\"wpfd_is_empty_subcategories\" value=\"1\" \/><input type=\"hidden\" id=\"wpfd_is_empty_files\" value=\"1\" \/><ul class=\"breadcrumbs wpfd-breadcrumbs-default head-category-default\">                            <li class=\"active\">Declaraciones Juradas de Patrimonios<\/li>                        <\/ul>    <script type=\"text\/x-handlebars-template\" class=\"wpfd-template-categories\">        <div class=\"wpfd-categories \">{{#if category}}{{#with category}}<h2>{{name}}<\/h2>{{#if parent}}<a class=\"catlink backcategory\" href=\"#\" data-idcat=\"{{parent}}\">                        <i class=\"zmdi zmdi-chevron-left\"><\/i><span>Atr\u00e1s<\/span><\/a>{{\/if}}{{\/with}}{{\/if}}{{#if category.desc}}<div class=\"wpfd-category-desc\">{{category.desc}}<\/div>{{\/if}}{{#if categories}}{{#each categories}}<a class=\"wpfdcategory catlink\" style=\"margin : 10px 10px 10px 10px;\" href=\"#\" data-idcat=\"{{term_id}}\" title=\"{{name}}\">                                <span>{{name}}<\/span><i class=\"zmdi zmdi-folder wpfd-folder\"><\/i>                            <\/a>{{\/each}}{{\/if}}<div class=\"wpfdcategory_placeholder\" style=\"margin : 0 10px 0 10px;\"><\/div><div class=\"wpfdcategory_placeholder\" style=\"margin : 0 10px 0 10px;\"><\/div><div class=\"wpfdcategory_placeholder\" style=\"margin : 0 10px 0 10px;\"><\/div><\/div>    <\/script>    <script type=\"text\/x-handlebars-template\" class=\"wpfd-template-files\">        {{#if files }}        <div class=\"wpfd_list\">            {{#each files}}            <div class=\"file\" style=\"margin : 10px 10px 10px 10px;\" data-id=\"{{ID}}\" data-catid=\"{{catid}}\">                <div class=\"filecontent\">                    {{#if file_custom_icon}}                    <div class=\"icon-custom\"><img src=\"{{file_custom_icon}}\" \/><\/div>                    {{else}}                    <div class=\"ext ext-{{ext}} wpfd-icon-set-png\"><span class=\"txt\">{{ext}}<\/span><\/div>                    {{\/if}}<h3><a href=\"{{linkdownload}}\"  class=\"wpfd_downloadlink\" title=\"{{post_title}}\" target=\"{{#if remote_file}}_blank{{\/if}}\">{{{crop_title}}}<\/a><\/h3>                    <div class=\"file-xinfo\">                        {{#if description}}<div class=\"file-desc\">{{{description}}}<\/div>{{\/if}}{{#if versionNumber}}<div class=\"file-version\"><span>Version:<\/span> {{versionNumber}}<\/div>{{\/if}}<div class=\"file-size\"><span>Size:<\/span> {{bytesToSize size}}<\/div><div class=\"file-hits\"><span>Hits:<\/span> {{hits}}<\/div><div class=\"file-dated\"><span>Fecha a\u00f1adida:<\/span> {{created}}<\/div>                    <\/div>                <\/div>                <span class=\"file-right\">                    <a class=\"downloadlink wpfd_downloadlink\"  href=\"{{linkdownload}}\" style=\"background-color:#76bc58;color:#ffffff;\" target=\"{{#if remote_file}}_blank{{\/if}}\">Acceder | Descargar<i class=\"zmdi zmdi-cloud-download wpfd-download\"><\/i><\/a>{{#if openpdflink}}<a class=\"openlink wpfdlightbox wpfd_previewlink\" href=\"{{openpdflink}}\" target=\"\">Vista previa                            <i class=\"zmdi zmdi-filter-center-focus wpfd-preview\"><\/i>                        <\/a>{{else}}{{#if viewerlink}}<a                            href=\"{{viewerlink}}\"                            class=\"openlink wpfdlightbox wpfd_previewlink\"                            target=\"\"                            data-id=\"{{ID}}\"                            data-catid=\"{{catid}}\"                            data-file-type=\"{{ext}}\">Vista previa<i class=\"zmdi zmdi-filter-center-focus wpfd-preview\"><\/i>                        <\/a>{{\/if}}{{\/if}}                <\/span>            <\/div>            {{\/each}}            <div class=\"file flex_span\" style=\"margin : 10px 10px 10px 10px;\"><\/div>        <\/div>        {{\/if}}    <\/script><div class=\"wpfd-container show_category_title show_breadcrumb show_subcategories\">        <div class=\"wpfd-open-tree\"><\/div>    <div class=\"wpfd-container-default \">        <div class=\"wpfd-categories \"><h2>Declaraciones Juradas de Patrimonios<\/h2><div class=\"wpfd-category-desc\"><\/div><a class=\"wpfdcategory catlink\" style=\"margin : 10px 10px 10px 10px;\" href=\"#\"                                   data-idcat=\"420\"                                   title=\"2025\">                                    <span>2025<\/span>                                    <i class=\"zmdi zmdi-folder wpfd-folder\"><\/i>                                <\/a><a class=\"wpfdcategory catlink\" style=\"margin : 10px 10px 10px 10px;\" href=\"#\"                                   data-idcat=\"388\"                                   title=\"2024\">                                    <span>2024<\/span>                                    <i class=\"zmdi zmdi-folder wpfd-folder\"><\/i>                                <\/a><a class=\"wpfdcategory catlink\" style=\"margin : 10px 10px 10px 10px;\" href=\"#\"                                   data-idcat=\"339\"                                   title=\"2023\">                                    <span>2023<\/span>                                    <i class=\"zmdi zmdi-folder wpfd-folder\"><\/i>                                <\/a><a class=\"wpfdcategory catlink\" style=\"margin : 10px 10px 10px 10px;\" href=\"#\"                                   data-idcat=\"354\"                                   title=\"Febrero\">                                    <span>Febrero<\/span>                                    <i class=\"zmdi zmdi-folder wpfd-folder\"><\/i>                                <\/a><div class=\"wpfdcategory_placeholder\" style=\"margin : 0 10px 0 10px;\"><\/div><div class=\"wpfdcategory_placeholder\" style=\"margin : 0 10px 0 10px;\"><\/div><div class=\"wpfdcategory_placeholder\" style=\"margin : 0 10px 0 10px;\"><\/div><input type=\"hidden\" id=\"wpfd_subcategories_hover_color\" class=\"wpfd_subcategories_hover_color\" value=\"\" \/><\/div>                    <div class=\"wpfd_list\">                                                        <div class=\"file\" style=\"margin : 10px 10px 10px 10px;\"                         data-id=\"1534\"                         data-catid=\"9\">                            <div class=\"filecontent\">                                <div class=\"ext ext-pdf wpfd-icon-set-png\"><span class=\"txt\">pdf<\/span><\/div><h3><a href=\"https:\/\/hospitaljuanpablopina.gob.do\/transparencia\/descargas\/9\/declaraciones-juradas-de-patrimonios\/1534\/declaracion-jurada-de-patrimonio-de-la-doctora-monserrat-santana-directora-general-del-hrgjpp.pdf\"  class=\"wpfd_downloadlink\" title=\"Declaraci\u00f3n Jurada de Patrimonio de la Doctora Monserrat Santana, Directora General del HRGJPP\" target=\"\">Declaraci\u00f3n Jurada de Patrimonio de la Doctora Monserrat Santana, Directora General del HRGJPP<\/a><\/h3>                                <div class=\"file-xinfo\">                                    <div class=\"file-desc\"><\/div><div class=\"file-size\"><span>Size:<\/span> 913.05 KB<\/div><div class=\"file-hits\"><span>Hits:<\/span> 401<\/div><div class=\"file-dated\"><span>Fecha a\u00f1adida:<\/span> 18-11-2020<\/div>                                <\/div>                            <\/div>                            <div class=\"file-right\">                                <a class=\"downloadlink wpfd_downloadlink\"  href=\"https:\/\/hospitaljuanpablopina.gob.do\/transparencia\/descargas\/9\/declaraciones-juradas-de-patrimonios\/1534\/declaracion-jurada-de-patrimonio-de-la-doctora-monserrat-santana-directora-general-del-hrgjpp.pdf\" style=\"background-color:#76bc58;color:#ffffff;\" target=\"\">Acceder | Descargar<i class=\"zmdi zmdi-cloud-download wpfd-download\"><\/i><\/a><a                            href=\"https:\/\/docs.google.com\/viewer?url=https%3A%2F%2Fhospitaljuanpablopina.gob.do%2Ftransparencia%2Fwp-admin%2Fadmin-ajax.php%3Fjuwpfisadmin%3Dfalse%26action%3Dwpfd%26task%3Dfile.download%26wpfd_category_id%3D9%26wpfd_file_id%3D1534%26token%3D%26preview%3D1&#038;embedded=true\"                            class=\"openlink wpfdlightbox wpfd_previewlink\"                            target=\"\"                            data-id=\"1534\"                            data-catid=\"9\"                            data-file-type=\"pdf\">Vista previa<i class=\"zmdi zmdi-filter-center-focus wpfd-preview\"><\/i>                        <\/a>                            <\/div>                    <\/div>                                                                            <div class=\"file\" style=\"margin : 10px 10px 10px 10px;\"                         data-id=\"1535\"                         data-catid=\"9\">                            <div class=\"filecontent\">                                <div class=\"ext ext-pdf wpfd-icon-set-png\"><span class=\"txt\">pdf<\/span><\/div><h3><a href=\"https:\/\/hospitaljuanpablopina.gob.do\/transparencia\/descargas\/9\/declaraciones-juradas-de-patrimonios\/1535\/declaracion-jurada-de-patrimonio-de-la-doctora-mary-garcia-subdirectora-del-hrgjpp.pdf\"  class=\"wpfd_downloadlink\" title=\"Declaraci\u00f3n Jurada de Patrimonio de la Doctora Mary Garcia Subdirectora del HRGJPP\" target=\"\">Declaraci\u00f3n Jurada de Patrimonio de la Doctora Mary Garcia Subdirectora del HRGJPP<\/a><\/h3>                                <div class=\"file-xinfo\">                                    <div class=\"file-desc\"><\/div><div class=\"file-size\"><span>Size:<\/span> 174.45 KB<\/div><div class=\"file-hits\"><span>Hits:<\/span> 251<\/div><div class=\"file-dated\"><span>Fecha a\u00f1adida:<\/span> 18-11-2020<\/div>                                <\/div>                            <\/div>                            <div class=\"file-right\">                                <a class=\"downloadlink wpfd_downloadlink\"  href=\"https:\/\/hospitaljuanpablopina.gob.do\/transparencia\/descargas\/9\/declaraciones-juradas-de-patrimonios\/1535\/declaracion-jurada-de-patrimonio-de-la-doctora-mary-garcia-subdirectora-del-hrgjpp.pdf\" style=\"background-color:#76bc58;color:#ffffff;\" target=\"\">Acceder | Descargar<i class=\"zmdi zmdi-cloud-download wpfd-download\"><\/i><\/a><a                            href=\"https:\/\/docs.google.com\/viewer?url=https%3A%2F%2Fhospitaljuanpablopina.gob.do%2Ftransparencia%2Fwp-admin%2Fadmin-ajax.php%3Fjuwpfisadmin%3Dfalse%26action%3Dwpfd%26task%3Dfile.download%26wpfd_category_id%3D9%26wpfd_file_id%3D1535%26token%3D%26preview%3D1&#038;embedded=true\"                            class=\"openlink wpfdlightbox wpfd_previewlink\"                            target=\"\"                            data-id=\"1535\"                            data-catid=\"9\"                            data-file-type=\"pdf\">Vista previa<i class=\"zmdi zmdi-filter-center-focus wpfd-preview\"><\/i>                        <\/a>                            <\/div>                    <\/div>                                                                            <div class=\"file\" style=\"margin : 10px 10px 10px 10px;\"                         data-id=\"2575\"                         data-catid=\"9\">                            <div class=\"filecontent\">                                <div class=\"ext ext-pdf wpfd-icon-set-png\"><span class=\"txt\">pdf<\/span><\/div><h3><a href=\"https:\/\/hospitaljuanpablopina.gob.do\/transparencia\/descargas\/9\/declaraciones-juradas-de-patrimonios\/2575\/declaracion-jurada-de-patrimonio-de-dilenia-margarita-arias-martinez-administradora-de-hrgjpp.pdf\"  class=\"wpfd_downloadlink\" title=\"Declaracion Jurada de Patrimonio de Dilenia Margarita Arias Martinez Administradora de HRGJPP\" target=\"\">Declaracion Jurada de Patrimonio de Dilenia Margarita Arias Martinez Administradora de HRGJPP<\/a><\/h3>                                <div class=\"file-xinfo\">                                    <div class=\"file-desc\"><\/div><div class=\"file-size\"><span>Size:<\/span> 3.68 MB<\/div><div class=\"file-hits\"><span>Hits:<\/span> 280<\/div><div class=\"file-dated\"><span>Fecha a\u00f1adida:<\/span> 10-02-2022<\/div>                                <\/div>                            <\/div>                            <div class=\"file-right\">                                <a class=\"downloadlink wpfd_downloadlink\"  href=\"https:\/\/hospitaljuanpablopina.gob.do\/transparencia\/descargas\/9\/declaraciones-juradas-de-patrimonios\/2575\/declaracion-jurada-de-patrimonio-de-dilenia-margarita-arias-martinez-administradora-de-hrgjpp.pdf\" style=\"background-color:#76bc58;color:#ffffff;\" target=\"\">Acceder | Descargar<i class=\"zmdi zmdi-cloud-download wpfd-download\"><\/i><\/a><a                            href=\"https:\/\/docs.google.com\/viewer?url=https%3A%2F%2Fhospitaljuanpablopina.gob.do%2Ftransparencia%2Fwp-admin%2Fadmin-ajax.php%3Fjuwpfisadmin%3Dfalse%26action%3Dwpfd%26task%3Dfile.download%26wpfd_category_id%3D9%26wpfd_file_id%3D2575%26token%3D%26preview%3D1&#038;embedded=true\"                            class=\"openlink wpfdlightbox wpfd_previewlink\"                            target=\"\"                            data-id=\"2575\"                            data-catid=\"9\"                            data-file-type=\"pdf\">Vista previa<i class=\"zmdi zmdi-filter-center-focus wpfd-preview\"><\/i>                        <\/a>                            <\/div>                    <\/div>                                                    <div class=\"file flex_span\" style=\"margin : 10px 10px 10px 10px;\"><\/div>            <\/div>                    <\/div><\/div><\/div>\n\n\n\n<div style=\"height:60px\" aria-hidden=\"true\" class=\"wp-block-spacer\"><\/div>\n\n\n\n<div class=\"wp-block-image\"><figure class=\"aligncenter\"><a href=\"https:\/\/djurada.camaradecuentas.gob.do\/DJP_OJO_CIUDADANO\/pgReportesDJPExternos.aspx\" target=\"_blank\" rel=\"noreferrer noopener\"><img src=\"https:\/\/hospitalsenoraderegla.gob.do\/transparencia\/wp-content\/uploads\/sites\/2\/2022\/03\/declaracionjurada.jpg\" alt=\"\" class=\"wp-image-3190\"\/><\/a><\/figure><\/div>\n\n\n\n<hr>\n<div class=\"visor-docs\">\n<h4>\u00bfNo puede visualizar los documentos?<\/h4>\n<h6>Es posible que necesite descargar e instalar el siguientes programa:<\/h6>\n<p><i class=\"fa fa-file-pdf-o\"><\/i>&nbsp; Archivos PDF, <a href=\"https:\/\/get.adobe.com\/es\/reader\/\" target=\"_blank\" rel=\"noopener noreferrer\">descargue visor aqu\u00ed &nbsp;<i class=\"fa fa-download\"><\/i><\/a><\/p>\n<\/div>\n","protected":false},"excerpt":{"rendered":"<p>Los datos personales han sido protegidos de conformidad con el art. 18 de la&nbsp;Ley 200-04&nbsp;de Libre Acceso a la Informaci\u00f3n P\u00fablica, de fecha 28 de julio de 2004 y el art. 28 de su reglamento de aplicaci\u00f3n aprobado mediante el&nbsp;Decreto No. 130-05&nbsp; de fecha 25 de febrero de 2005. NOMBRE DE FUNCIONARIO DECRETO \/ DESIGNACI\u00d3N [&hellip;]<\/p>\n","protected":false},"author":6,"featured_media":0,"parent":0,"menu_order":0,"comment_status":"closed","ping_status":"closed","template":"","meta":[],"_links":{"self":[{"href":"https:\/\/hospitaljuanpablopina.gob.do\/transparencia\/wp-json\/wp\/v2\/pages\/47"}],"collection":[{"href":"https:\/\/hospitaljuanpablopina.gob.do\/transparencia\/wp-json\/wp\/v2\/pages"}],"about":[{"href":"https:\/\/hospitaljuanpablopina.gob.do\/transparencia\/wp-json\/wp\/v2\/types\/page"}],"author":[{"embeddable":true,"href":"https:\/\/hospitaljuanpablopina.gob.do\/transparencia\/wp-json\/wp\/v2\/users\/6"}],"replies":[{"embeddable":true,"href":"https:\/\/hospitaljuanpablopina.gob.do\/transparencia\/wp-json\/wp\/v2\/comments?post=47"}],"version-history":[{"count":1,"href":"https:\/\/hospitaljuanpablopina.gob.do\/transparencia\/wp-json\/wp\/v2\/pages\/47\/revisions"}],"predecessor-version":[{"id":3240,"href":"https:\/\/hospitaljuanpablopina.gob.do\/transparencia\/wp-json\/wp\/v2\/pages\/47\/revisions\/3240"}],"wp:attachment":[{"href":"https:\/\/hospitaljuanpablopina.gob.do\/transparencia\/wp-json\/wp\/v2\/media?parent=47"}],"curies":[{"name":"wp","href":"https:\/\/api.w.org\/{rel}","templated":true}]}}