{"id":7,"date":"2019-08-09T08:59:08","date_gmt":"2019-08-09T12:59:08","guid":{"rendered":"https:\/\/hospitaltaiwan.gob.do\/transparencia\/?page_id=7"},"modified":"2022-11-19T11:22:33","modified_gmt":"2022-11-19T15:22:33","slug":"inicio","status":"publish","type":"page","link":"https:\/\/hospitaljuanpablopina.gob.do\/transparencia\/","title":{"rendered":"Inicio"},"content":{"rendered":"\n<figure class=\"wp-block-image is-resized\"><img loading=\"lazy\" src=\"https:\/\/hospitalsenoraderegla.gob.do\/transparencia\/wp-content\/uploads\/sites\/2\/2019\/08\/transparencia-bg.png\" alt=\"\" class=\"wp-image-287\" width=\"1000\" height=\"292\" srcset=\"https:\/\/hospitaljuanpablopina.gob.do\/transparencia\/wp-content\/uploads\/sites\/2\/2019\/08\/transparencia-bg.png 1000w, https:\/\/hospitaljuanpablopina.gob.do\/transparencia\/wp-content\/uploads\/sites\/2\/2019\/08\/transparencia-bg-300x88.png 300w, https:\/\/hospitaljuanpablopina.gob.do\/transparencia\/wp-content\/uploads\/sites\/2\/2019\/08\/transparencia-bg-768x224.png 768w\" sizes=\"(max-width: 1000px) 100vw, 1000px\" \/><\/figure>\n\n\n\n<h2 class=\"has-text-align-center transparencia-titulo\">Bienvenidosanuestro portal de Transparencia!<\/h2>\n\n\n\n<p>Para dar Cumplimiento a la&nbsp;<a href=\"https:\/\/docs.google.com\/viewer?url=https:\/\/sns.gob.do\/transparencia\/descargas\/14\/leyes\/1567\/ley-200-04-general-de-libre-acceso-a-la-informacion-publica.pdf\" target=\"_blank\" rel=\"noreferrer noopener\"><strong>Ley 200-04<\/strong><\/a>&nbsp;de Libre Acceso a la Informaci\u00f3n P\u00fablica y al&nbsp;<a href=\"https:\/\/docs.google.com\/viewer?url=https:\/\/sns.gob.do\/transparencia\/descargas\/15\/decretos\/2199\/aa-decreto-130-05-que-aprueba-el-reglamento-de-aplicacion-de-la-ley-200-04.pdf\" target=\"_blank\" rel=\"noreferrer noopener\"><strong>Decreto No. 130-05<\/strong><\/a>&nbsp;que aprueba su Reglamento de Aplicaci\u00f3n, se pone a disposici\u00f3n de los ciudadanos los contenidos de transparencia considerados en esta.<\/p>\n\n\n\n<p>Nuestro objetivo es garantizar el libre acceso a la informaci\u00f3n p\u00fablica de forma completa, veraz y oportuna, a fin de satisfacer las necesidades de la ciudadan\u00eda.<\/p>\n\n\n\n<hr class=\"wp-block-separator has-css-opacity is-style-wide\"\/>\n\n\n\n<div class=\"wp-container-4 wp-block-columns has-3-columns\">\n<div class=\"wp-container-1 wp-block-column\"><div class=\"wp-block-image\">\n<figure class=\"aligncenter is-resized\"><a href=\"https:\/\/www.saip.gob.do\/apps\/sip\/?step=one\" target=\"_blank\" rel=\"noreferrer noopener\"><img loading=\"lazy\" src=\"https:\/\/hospitalsenoraderegla.gob.do\/transparencia\/wp-content\/uploads\/sites\/2\/2019\/08\/saip-logo-hd.png\" alt=\"\" class=\"wp-image-230\" width=\"78\" height=\"78\" srcset=\"https:\/\/hospitaljuanpablopina.gob.do\/transparencia\/wp-content\/uploads\/sites\/2\/2019\/08\/saip-logo-hd.png 300w, https:\/\/hospitaljuanpablopina.gob.do\/transparencia\/wp-content\/uploads\/sites\/2\/2019\/08\/saip-logo-hd-150x150.png 150w\" sizes=\"(max-width: 78px) 100vw, 78px\" \/><\/a><figcaption><strong>Solicitud de Informaci\u00f3n<\/strong><\/figcaption><\/figure><\/div><\/div>\n\n\n\n<div class=\"wp-container-2 wp-block-column\"><div class=\"wp-block-image\">\n<figure class=\"aligncenter is-resized\"><a href=\"http:\/\/www.transparenciafiscal.gob.do\/\" target=\"_blank\" rel=\"noreferrer noopener\"><img loading=\"lazy\" src=\"https:\/\/hospitalsenoraderegla.gob.do\/transparencia\/wp-content\/uploads\/sites\/2\/2019\/08\/transparenciaFiscalLogo.png\" alt=\"\" class=\"wp-image-231\" width=\"138\" height=\"100\" srcset=\"https:\/\/hospitaljuanpablopina.gob.do\/transparencia\/wp-content\/uploads\/sites\/2\/2019\/08\/transparenciaFiscalLogo.png 329w, https:\/\/hospitaljuanpablopina.gob.do\/transparencia\/wp-content\/uploads\/sites\/2\/2019\/08\/transparenciaFiscalLogo-300x218.png 300w\" sizes=\"(max-width: 138px) 100vw, 138px\" \/><\/a><figcaption><strong>Transparencia Fiscal<\/strong><\/figcaption><\/figure><\/div><\/div>\n\n\n\n<div class=\"wp-container-3 wp-block-column\"><div class=\"wp-block-image\">\n<figure class=\"aligncenter is-resized\"><a href=\"http:\/\/www.contraloria.gob.do\/index.php\/servicios\/item\/234-servicio2\" target=\"_blank\" rel=\"noreferrer noopener\"><img loading=\"lazy\" src=\"https:\/\/hospitalsenoraderegla.gob.do\/transparencia\/wp-content\/uploads\/sites\/2\/2019\/08\/contraloria-doc-logo.png\" alt=\"\" class=\"wp-image-232\" width=\"89\" height=\"93\"\/><\/a><figcaption><strong>Consulta de Libramientos<\/strong><\/figcaption><\/figure><\/div><\/div>\n<\/div>\n\n\n\n<p><\/p>\n","protected":false},"excerpt":{"rendered":"<p>Bienvenidosanuestro portal de Transparencia! Para dar Cumplimiento a la&nbsp;Ley 200-04&nbsp;de Libre Acceso a la Informaci\u00f3n P\u00fablica y al&nbsp;Decreto No. 130-05&nbsp;que aprueba su Reglamento de Aplicaci\u00f3n, se pone a disposici\u00f3n de los ciudadanos los contenidos de transparencia considerados en esta. Nuestro objetivo es garantizar el libre acceso a la informaci\u00f3n p\u00fablica de forma completa, veraz y [&hellip;]<\/p>\n","protected":false},"author":6,"featured_media":0,"parent":0,"menu_order":0,"comment_status":"closed","ping_status":"closed","template":"","meta":[],"_links":{"self":[{"href":"https:\/\/hospitaljuanpablopina.gob.do\/transparencia\/wp-json\/wp\/v2\/pages\/7"}],"collection":[{"href":"https:\/\/hospitaljuanpablopina.gob.do\/transparencia\/wp-json\/wp\/v2\/pages"}],"about":[{"href":"https:\/\/hospitaljuanpablopina.gob.do\/transparencia\/wp-json\/wp\/v2\/types\/page"}],"author":[{"embeddable":true,"href":"https:\/\/hospitaljuanpablopina.gob.do\/transparencia\/wp-json\/wp\/v2\/users\/6"}],"replies":[{"embeddable":true,"href":"https:\/\/hospitaljuanpablopina.gob.do\/transparencia\/wp-json\/wp\/v2\/comments?post=7"}],"version-history":[{"count":2,"href":"https:\/\/hospitaljuanpablopina.gob.do\/transparencia\/wp-json\/wp\/v2\/pages\/7\/revisions"}],"predecessor-version":[{"id":3627,"href":"https:\/\/hospitaljuanpablopina.gob.do\/transparencia\/wp-json\/wp\/v2\/pages\/7\/revisions\/3627"}],"wp:attachment":[{"href":"https:\/\/hospitaljuanpablopina.gob.do\/transparencia\/wp-json\/wp\/v2\/media?parent=7"}],"curies":[{"name":"wp","href":"https:\/\/api.w.org\/{rel}","templated":true}]}}